{"id":2,"date":"2009-03-26T03:32:40","date_gmt":"2009-03-26T02:32:40","guid":{"rendered":"http:\/\/bassdu.mine.nu:91\/?page_id=2"},"modified":"2012-10-15T17:02:48","modified_gmt":"2012-10-15T16:02:48","slug":"info","status":"publish","type":"page","link":"https:\/\/bassdu.mine.bz\/?page_id=2","title":{"rendered":"Bio &#038; Info"},"content":{"rendered":"<p><!-- p { margin-bottom: 0.21cm; } -->Prima mea \u201eamintire\u201d din lumea asta, este aceea povestit\u0103 de p\u0103rin\u0163ii mei \u015fi se refer\u0103 la Botezul meu, s\u0103v\u00e2r\u015fit \u00eentr-o veche biseric\u0103 de lemn, monument istoric studiat de Nicolae Iorga, situat\u0103 la poalele Ciuca\u015fului \u015fi nu departe de Mun\u0163ii Siriului, \u00een Starchiojdul meu dintre Teleajen \u015fi Buz\u0103u.<\/p>\n<p>Am fost botezat de Boboteaz\u0103 \u00een anul 1954, pe un ger de cr\u0103pau pietrele \u015fi \u00eenghe\u0163a p\u00e2n\u0103 \u015fi &#8230; apa din botez\u0103toare ! A\u015fa se face c\u0103 P\u0103rintele a spart efectiv cu mine pojghi\u0163a de ghea\u0163\u0103 din Cristelni\u0163a de aram\u0103 ! Bine\u00een\u0163eles c\u0103 am devenit, spre disperarea alor mei&#8230; violet, dar P\u0103rintele a spus c\u0103 asta este o \u201ec\u0103lire\u201d ce o s\u0103-mi prind\u0103 bine&#8230; mai t\u00e2rziu !<\/p>\n<p>Cert este c\u0103 la un moment dat am ajuns inginer metalurg \u015fi despre c\u0103lire am avut ocazia s\u0103&#8230; aprofundez ! Ba am mai \u201eaflat\u201d c\u00e2te ceva \u015fi despre &#8230; tratamentele termice, menite s\u0103 completeze cu ajutorul c\u0103ldurii, duritatea ob\u0163inut\u0103 prin c\u0103lire, cu alte calit\u0103\u0163i fizico-chimice, care permit \u00een cele din urm\u0103&#8230; forjarea.<\/p>\n<p>M\u0103 scuza\u0163i dac\u0103 fac exces de termeni&#8230; metalurgici, dar o fac cu un scop precis !<\/p>\n<p>V\u0103 aduc la cuno\u015ftin\u0163\u0103 (celor neini\u0163ia\u0163i), c\u0103 exist\u0103 \u015fi un tratament termic de &#8230; \u00eemb\u0103tr\u00e2nire, care accelereaz\u0103 ob\u0163inerea unei structuri cristaline \u201esuperioare\u201d, ce altfel se poate ob\u0163ine \u00een mod natural, numai dup\u0103 mult&#8230; timp.<\/p>\n<p>Ei bine, pot spune c\u0103 via\u0163a mea are multe analogii cu &#8230; metalurgia !<\/p>\n<p>M-am n\u0103scut \u00eentr-un ambient de mo\u015fneni mocani, \u201eascu\u0163i\u0163i\u201d \u015fi \u201eduri\u201d, cu o \u201estructur\u0103 spiritual\u0103 monodirec\u0163ional\u0103\u201d (martensitic\u0103), deci pu\u0163in&#8230; \u201emaleabili\u201d, c\u0103ci nu se putea supravie\u0163ui altfel, \u00eentr-o conjunctur\u0103 &#8230; \u201es\u0103lbatic\u0103\u201d. Via\u0163a \u201ea avut grij\u0103\u201d s\u0103 m\u0103 supun\u0103 la diverse \u201etratamente\u201d, a\u015fa c\u0103 m\u0103 reg\u0103sesc azi, ceea ce sunt. Nici mai bun \u015fi nici mai r\u0103u ca al\u0163ii, ci doar un\u00a0 rezultat al experien\u0163elor ce mi-au fost h\u0103r\u0103zite \u015fi a \u201emateriei de baz\u0103\u201d de la care am plecat !<\/p>\n<p><!-- p { margin-bottom: 0.21cm; } -->Un bun exemplu de \u201emetalurgie\u201d str\u0103bun\u0103 este&#8230;<strong> FALXUL DACIC<\/strong>. Acesta este cunoscut de al\u0163ii, ca arm\u0103 nimicitoare, dar se trece cu vederea c\u0103 era de fapt o&#8230;<strong> COAS\u0102<\/strong>, a\u015fa cum <strong>SICA<\/strong> era de fapt o&#8230; <strong>SECER\u0102<\/strong>,\u00a0 deci cu profunde caracteristici pa\u015fnice, de o calitate excep\u0163ional\u0103. Aceste \u201earme\u201d sunt rod al unei vechi Culturi, ce ini\u0163ial iau \u00een considerare t\u0103ria pietrei, \u015fi ajung ulterior s\u0103 \u0163in\u0103 cont \u015fi de cea a&#8230; fierului potrivnic ! Sunt simboluri al<strong> Spiritului<\/strong> pacific, muncitor, statornic, \u00een contrast cu cel r\u0103zboinic, de jaf, al migratorilor care ne-au n\u0103p\u0103dit de-a lungul Istoriei, dar \u015fi al determin\u0103rii cu care \u015ftim s\u0103 ne ap\u0103r\u0103m !<\/p>\n<p>Acest Spirit \u00ee\u015fi trage seva din fundul veacurilor, de la str\u0103bunii <strong>Pelasgi<\/strong>, \u00een ale c\u0103ror morminte nu se g\u0103sesc arme, ci simboluri ale <strong>Armoniei cu Natura<\/strong> !<\/p>\n<p><em><strong>\u201eMi\u015fcarea DACIA\u201d<\/strong><\/em> repropune o astfel de abordare tuturor prietenilor \u015fi neprietenilor, prezent\u00e2ndu-ne ca \u201einc\u0103-purt\u0103tori\u201d ai <strong>FALXULUI<\/strong> !<\/p>\n","protected":false},"excerpt":{"rendered":"<p>Prima mea \u201eamintire\u201d din lumea asta, este aceea povestit\u0103 de p\u0103rin\u0163ii mei \u015fi se refer\u0103 la Botezul meu, s\u0103v\u00e2r\u015fit \u00eentr-o veche biseric\u0103 de lemn, monument istoric studiat de Nicolae Iorga, situat\u0103 la poalele Ciuca\u015fului \u015fi nu departe de Mun\u0163ii Siriului, \u00een Starchiojdul meu dintre Teleajen \u015fi Buz\u0103u. Am fost botezat de Boboteaz\u0103 \u00een anul 1954, [&hellip;]<\/p>\n","protected":false},"author":2,"featured_media":0,"parent":0,"menu_order":0,"comment_status":"open","ping_status":"open","template":"","meta":{"footnotes":""},"_links":{"self":[{"href":"https:\/\/bassdu.mine.bz\/index.php?rest_route=\/wp\/v2\/pages\/2"}],"collection":[{"href":"https:\/\/bassdu.mine.bz\/index.php?rest_route=\/wp\/v2\/pages"}],"about":[{"href":"https:\/\/bassdu.mine.bz\/index.php?rest_route=\/wp\/v2\/types\/page"}],"author":[{"embeddable":true,"href":"https:\/\/bassdu.mine.bz\/index.php?rest_route=\/wp\/v2\/users\/2"}],"replies":[{"embeddable":true,"href":"https:\/\/bassdu.mine.bz\/index.php?rest_route=%2Fwp%2Fv2%2Fcomments&post=2"}],"version-history":[{"count":21,"href":"https:\/\/bassdu.mine.bz\/index.php?rest_route=\/wp\/v2\/pages\/2\/revisions"}],"predecessor-version":[{"id":3,"href":"https:\/\/bassdu.mine.bz\/index.php?rest_route=\/wp\/v2\/pages\/2\/revisions\/3"}],"wp:attachment":[{"href":"https:\/\/bassdu.mine.bz\/index.php?rest_route=%2Fwp%2Fv2%2Fmedia&parent=2"}],"curies":[{"name":"wp","href":"https:\/\/api.w.org\/{rel}","templated":true}]}}